{"id":49,"date":"2022-03-12T17:58:54","date_gmt":"2022-03-12T17:58:54","guid":{"rendered":"http:\/\/zed-body.com\/?page_id=49"},"modified":"2023-02-06T14:12:29","modified_gmt":"2023-02-06T14:12:29","slug":"planning","status":"publish","type":"page","link":"https:\/\/zed-body.com\/?page_id=49","title":{"rendered":"Prendre rendez-vous"},"content":{"rendered":"\n<div style=\"height:65px\" aria-hidden=\"true\" class=\"wp-block-spacer\"><\/div>\n\n\n<div class=\"wp-block-image\">\n<figure class=\"alignleft size-large is-resized\"><a href=\"https:\/\/meetings-eu1.hubspot.com\/zed\"><img fetchpriority=\"high\" decoding=\"async\" src=\"https:\/\/zed-body.com\/wp-content\/uploads\/2022\/03\/Sans-titre2-1024x576.png\" alt=\"\" class=\"wp-image-382\" width=\"645\" height=\"362\" srcset=\"https:\/\/zed-body.com\/wp-content\/uploads\/2022\/03\/Sans-titre2-1024x576.png 1024w, https:\/\/zed-body.com\/wp-content\/uploads\/2022\/03\/Sans-titre2-300x169.png 300w, https:\/\/zed-body.com\/wp-content\/uploads\/2022\/03\/Sans-titre2-768x432.png 768w, https:\/\/zed-body.com\/wp-content\/uploads\/2022\/03\/Sans-titre2-1536x864.png 1536w, https:\/\/zed-body.com\/wp-content\/uploads\/2022\/03\/Sans-titre2-1140x641.png 1140w, https:\/\/zed-body.com\/wp-content\/uploads\/2022\/03\/Sans-titre2.png 1920w\" sizes=\"(max-width: 645px) 100vw, 645px\" \/><\/a><\/figure>\n<\/div>\n\n\n<div style=\"height:34px\" aria-hidden=\"true\" class=\"wp-block-spacer\"><\/div>\n\n\n\n<p>On y est ! Apr\u00e8s avoir parcourue le site, je vous laisse maintenant avec l&rsquo;agenda.<\/p>\n\n\n\n<p> J&rsquo;ai h\u00e2te de pouvoir vous recevoir&#8230;<\/p>\n\n\n\n<p>N\u2019h\u00e9sitez pas \u00e0 jet\u00e9 un ptit coup d&rsquo;oeil sur mon Instagram. <\/p>\n\n\n\n<p>Vous y trouverez dessus quelques photos de ma pi\u00e8ce o\u00f9 il y fait bon vivre \ud83d\ude09<\/p>\n\n\n\n<div class=\"wp-block-buttons is-layout-flex wp-block-buttons-is-layout-flex\">\n<div class=\"wp-block-button is-style-outline is-style-outline--1\"><a class=\"wp-block-button__link wp-element-button\" href=\"https:\/\/meetings-eu1.hubspot.com\/zed\" target=\"_blank\" rel=\"noreferrer noopener\">cliquez ici<\/a><\/div>\n<\/div>\n\n\n\n<p><\/p>\n","protected":false},"excerpt":{"rendered":"<p>On y est ! Apr\u00e8s avoir parcourue le site, je vous laisse maintenant avec l&rsquo;agenda. J&rsquo;ai h\u00e2te de pouvoir vous recevoir&#8230; N\u2019h\u00e9sitez pas \u00e0 jet\u00e9 un ptit coup d&rsquo;oeil sur mon Instagram. Vous y trouverez dessus quelques photos de ma pi\u00e8ce o\u00f9 il y fait bon vivre \ud83d\ude09<\/p>\n","protected":false},"author":1,"featured_media":0,"parent":0,"menu_order":0,"comment_status":"closed","ping_status":"closed","template":"","meta":{"content-type":"","footnotes":""},"class_list":["post-49","page","type-page","status-publish","hentry"],"yoast_head":"<!-- This site is optimized with the Yoast SEO plugin v27.5 - https:\/\/yoast.com\/product\/yoast-seo-wordpress\/ -->\n<title>Prendre rendez-vous - Zed body<\/title>\n<meta name=\"robots\" content=\"index, follow, max-snippet:-1, max-image-preview:large, max-video-preview:-1\" \/>\n<link rel=\"canonical\" href=\"https:\/\/zed-body.com\/?page_id=49\" \/>\n<meta property=\"og:locale\" content=\"fr_FR\" \/>\n<meta property=\"og:type\" content=\"article\" \/>\n<meta property=\"og:title\" content=\"Prendre rendez-vous - Zed body\" \/>\n<meta property=\"og:description\" content=\"On y est ! Apr\u00e8s avoir parcourue le site, je vous laisse maintenant avec l&rsquo;agenda. J&rsquo;ai h\u00e2te de pouvoir vous recevoir&#8230; N\u2019h\u00e9sitez pas \u00e0 jet\u00e9 un ptit coup d&rsquo;oeil sur mon Instagram. Vous y trouverez dessus quelques photos de ma pi\u00e8ce o\u00f9 il y fait bon vivre \ud83d\ude09\" \/>\n<meta property=\"og:url\" content=\"https:\/\/zed-body.com\/?page_id=49\" \/>\n<meta property=\"og:site_name\" content=\"Zed body\" \/>\n<meta property=\"article:modified_time\" content=\"2023-02-06T14:12:29+00:00\" \/>\n<meta property=\"og:image\" content=\"https:\/\/zed-body.com\/wp-content\/uploads\/2022\/03\/Sans-titre2-1024x576.png\" \/>\n<meta name=\"twitter:card\" content=\"summary_large_image\" \/>\n<meta name=\"twitter:label1\" content=\"Dur\u00e9e de lecture estim\u00e9e\" \/>\n\t<meta name=\"twitter:data1\" content=\"1 minute\" \/>\n<script type=\"application\/ld+json\" class=\"yoast-schema-graph\">{\"@context\":\"https:\\\/\\\/schema.org\",\"@graph\":[{\"@type\":\"WebPage\",\"@id\":\"https:\\\/\\\/zed-body.com\\\/?page_id=49\",\"url\":\"https:\\\/\\\/zed-body.com\\\/?page_id=49\",\"name\":\"Prendre rendez-vous - Zed body\",\"isPartOf\":{\"@id\":\"https:\\\/\\\/zed-body.com\\\/#website\"},\"primaryImageOfPage\":{\"@id\":\"https:\\\/\\\/zed-body.com\\\/?page_id=49#primaryimage\"},\"image\":{\"@id\":\"https:\\\/\\\/zed-body.com\\\/?page_id=49#primaryimage\"},\"thumbnailUrl\":\"https:\\\/\\\/zed-body.com\\\/wp-content\\\/uploads\\\/2022\\\/03\\\/Sans-titre2-1024x576.png\",\"datePublished\":\"2022-03-12T17:58:54+00:00\",\"dateModified\":\"2023-02-06T14:12:29+00:00\",\"breadcrumb\":{\"@id\":\"https:\\\/\\\/zed-body.com\\\/?page_id=49#breadcrumb\"},\"inLanguage\":\"fr-FR\",\"potentialAction\":[{\"@type\":\"ReadAction\",\"target\":[\"https:\\\/\\\/zed-body.com\\\/?page_id=49\"]}]},{\"@type\":\"ImageObject\",\"inLanguage\":\"fr-FR\",\"@id\":\"https:\\\/\\\/zed-body.com\\\/?page_id=49#primaryimage\",\"url\":\"https:\\\/\\\/zed-body.com\\\/wp-content\\\/uploads\\\/2022\\\/03\\\/Sans-titre2.png\",\"contentUrl\":\"https:\\\/\\\/zed-body.com\\\/wp-content\\\/uploads\\\/2022\\\/03\\\/Sans-titre2.png\",\"width\":1920,\"height\":1080},{\"@type\":\"BreadcrumbList\",\"@id\":\"https:\\\/\\\/zed-body.com\\\/?page_id=49#breadcrumb\",\"itemListElement\":[{\"@type\":\"ListItem\",\"position\":1,\"name\":\"Accueil\",\"item\":\"https:\\\/\\\/zed-body.com\\\/\"},{\"@type\":\"ListItem\",\"position\":2,\"name\":\"Prendre rendez-vous\"}]},{\"@type\":\"WebSite\",\"@id\":\"https:\\\/\\\/zed-body.com\\\/#website\",\"url\":\"https:\\\/\\\/zed-body.com\\\/\",\"name\":\"Zed body\",\"description\":\"Votre praticienne en ayurveda et bien \u00eatre chez vous\",\"publisher\":{\"@id\":\"https:\\\/\\\/zed-body.com\\\/#organization\"},\"potentialAction\":[{\"@type\":\"SearchAction\",\"target\":{\"@type\":\"EntryPoint\",\"urlTemplate\":\"https:\\\/\\\/zed-body.com\\\/?s={search_term_string}\"},\"query-input\":{\"@type\":\"PropertyValueSpecification\",\"valueRequired\":true,\"valueName\":\"search_term_string\"}}],\"inLanguage\":\"fr-FR\"},{\"@type\":\"Organization\",\"@id\":\"https:\\\/\\\/zed-body.com\\\/#organization\",\"name\":\"zed-body\",\"url\":\"https:\\\/\\\/zed-body.com\\\/\",\"logo\":{\"@type\":\"ImageObject\",\"inLanguage\":\"fr-FR\",\"@id\":\"https:\\\/\\\/zed-body.com\\\/#\\\/schema\\\/logo\\\/image\\\/\",\"url\":\"https:\\\/\\\/zed-body.com\\\/wp-content\\\/uploads\\\/2022\\\/06\\\/cropped-Logo-3D-1-scaled-1.jpg\",\"contentUrl\":\"https:\\\/\\\/zed-body.com\\\/wp-content\\\/uploads\\\/2022\\\/06\\\/cropped-Logo-3D-1-scaled-1.jpg\",\"width\":512,\"height\":512,\"caption\":\"zed-body\"},\"image\":{\"@id\":\"https:\\\/\\\/zed-body.com\\\/#\\\/schema\\\/logo\\\/image\\\/\"}}]}<\/script>\n<!-- \/ Yoast SEO plugin. -->","yoast_head_json":{"title":"Prendre rendez-vous - Zed body","robots":{"index":"index","follow":"follow","max-snippet":"max-snippet:-1","max-image-preview":"max-image-preview:large","max-video-preview":"max-video-preview:-1"},"canonical":"https:\/\/zed-body.com\/?page_id=49","og_locale":"fr_FR","og_type":"article","og_title":"Prendre rendez-vous - Zed body","og_description":"On y est ! Apr\u00e8s avoir parcourue le site, je vous laisse maintenant avec l&rsquo;agenda. J&rsquo;ai h\u00e2te de pouvoir vous recevoir&#8230; N\u2019h\u00e9sitez pas \u00e0 jet\u00e9 un ptit coup d&rsquo;oeil sur mon Instagram. Vous y trouverez dessus quelques photos de ma pi\u00e8ce o\u00f9 il y fait bon vivre \ud83d\ude09","og_url":"https:\/\/zed-body.com\/?page_id=49","og_site_name":"Zed body","article_modified_time":"2023-02-06T14:12:29+00:00","og_image":[{"url":"https:\/\/zed-body.com\/wp-content\/uploads\/2022\/03\/Sans-titre2-1024x576.png","type":"","width":"","height":""}],"twitter_card":"summary_large_image","twitter_misc":{"Dur\u00e9e de lecture estim\u00e9e":"1 minute"},"schema":{"@context":"https:\/\/schema.org","@graph":[{"@type":"WebPage","@id":"https:\/\/zed-body.com\/?page_id=49","url":"https:\/\/zed-body.com\/?page_id=49","name":"Prendre rendez-vous - Zed body","isPartOf":{"@id":"https:\/\/zed-body.com\/#website"},"primaryImageOfPage":{"@id":"https:\/\/zed-body.com\/?page_id=49#primaryimage"},"image":{"@id":"https:\/\/zed-body.com\/?page_id=49#primaryimage"},"thumbnailUrl":"https:\/\/zed-body.com\/wp-content\/uploads\/2022\/03\/Sans-titre2-1024x576.png","datePublished":"2022-03-12T17:58:54+00:00","dateModified":"2023-02-06T14:12:29+00:00","breadcrumb":{"@id":"https:\/\/zed-body.com\/?page_id=49#breadcrumb"},"inLanguage":"fr-FR","potentialAction":[{"@type":"ReadAction","target":["https:\/\/zed-body.com\/?page_id=49"]}]},{"@type":"ImageObject","inLanguage":"fr-FR","@id":"https:\/\/zed-body.com\/?page_id=49#primaryimage","url":"https:\/\/zed-body.com\/wp-content\/uploads\/2022\/03\/Sans-titre2.png","contentUrl":"https:\/\/zed-body.com\/wp-content\/uploads\/2022\/03\/Sans-titre2.png","width":1920,"height":1080},{"@type":"BreadcrumbList","@id":"https:\/\/zed-body.com\/?page_id=49#breadcrumb","itemListElement":[{"@type":"ListItem","position":1,"name":"Accueil","item":"https:\/\/zed-body.com\/"},{"@type":"ListItem","position":2,"name":"Prendre rendez-vous"}]},{"@type":"WebSite","@id":"https:\/\/zed-body.com\/#website","url":"https:\/\/zed-body.com\/","name":"Zed body","description":"Votre praticienne en ayurveda et bien \u00eatre chez vous","publisher":{"@id":"https:\/\/zed-body.com\/#organization"},"potentialAction":[{"@type":"SearchAction","target":{"@type":"EntryPoint","urlTemplate":"https:\/\/zed-body.com\/?s={search_term_string}"},"query-input":{"@type":"PropertyValueSpecification","valueRequired":true,"valueName":"search_term_string"}}],"inLanguage":"fr-FR"},{"@type":"Organization","@id":"https:\/\/zed-body.com\/#organization","name":"zed-body","url":"https:\/\/zed-body.com\/","logo":{"@type":"ImageObject","inLanguage":"fr-FR","@id":"https:\/\/zed-body.com\/#\/schema\/logo\/image\/","url":"https:\/\/zed-body.com\/wp-content\/uploads\/2022\/06\/cropped-Logo-3D-1-scaled-1.jpg","contentUrl":"https:\/\/zed-body.com\/wp-content\/uploads\/2022\/06\/cropped-Logo-3D-1-scaled-1.jpg","width":512,"height":512,"caption":"zed-body"},"image":{"@id":"https:\/\/zed-body.com\/#\/schema\/logo\/image\/"}}]}},"_links":{"self":[{"href":"https:\/\/zed-body.com\/index.php?rest_route=\/wp\/v2\/pages\/49","targetHints":{"allow":["GET"]}}],"collection":[{"href":"https:\/\/zed-body.com\/index.php?rest_route=\/wp\/v2\/pages"}],"about":[{"href":"https:\/\/zed-body.com\/index.php?rest_route=\/wp\/v2\/types\/page"}],"author":[{"embeddable":true,"href":"https:\/\/zed-body.com\/index.php?rest_route=\/wp\/v2\/users\/1"}],"replies":[{"embeddable":true,"href":"https:\/\/zed-body.com\/index.php?rest_route=%2Fwp%2Fv2%2Fcomments&post=49"}],"version-history":[{"count":44,"href":"https:\/\/zed-body.com\/index.php?rest_route=\/wp\/v2\/pages\/49\/revisions"}],"predecessor-version":[{"id":1146,"href":"https:\/\/zed-body.com\/index.php?rest_route=\/wp\/v2\/pages\/49\/revisions\/1146"}],"wp:attachment":[{"href":"https:\/\/zed-body.com\/index.php?rest_route=%2Fwp%2Fv2%2Fmedia&parent=49"}],"curies":[{"name":"wp","href":"https:\/\/api.w.org\/{rel}","templated":true}]}}