{"id":469,"date":"2022-03-22T10:56:52","date_gmt":"2022-03-22T10:56:52","guid":{"rendered":"https:\/\/zed-body.com\/?page_id=469"},"modified":"2024-08-28T09:45:00","modified_gmt":"2024-08-28T09:45:00","slug":"qui-suis-je","status":"publish","type":"page","link":"https:\/\/zed-body.com\/?page_id=469","title":{"rendered":"Qui suis je"},"content":{"rendered":"\n<p>Je propose diverses prestations en soin bien-\u00eatre adapt\u00e9es aux femmes de tout \u00e2ge.<\/p>\n\n\n\n<p>Certains de mes soins sont aussi accessibles pour les enfants \u00e0 partir de 6 ans.<\/p>\n\n\n\n<p>J&rsquo;ai suivie ma formation aupr\u00e8s de l&rsquo;institut Tara bien-\u00eatre.<\/p>\n\n\n\n<p>Etant passionn\u00e9e par ce que je fais, je continue d&rsquo;\u00e9voluer \u00e0 travers des formations certifiantes.<\/p>\n\n\n\n<p>Choisir Zedbody, c&rsquo;est l&rsquo;assurance de pouvoir profiter d&rsquo;un large panel de prestations de qualit\u00e9.<\/p>\n\n\n\n<p>A la disposition d&rsquo;une client\u00e8le exclusivement f\u00e9minine, celles ci sont r\u00e9alis\u00e9es \u00e0 domicile.<\/p>\n\n\n\n<p>Ma voie est celle du respect de l&rsquo;autre, et de l&rsquo;int\u00e9grit\u00e9.<\/p>\n\n\n<div class=\"wp-block-image\">\n<figure class=\"aligncenter is-resized\"><img decoding=\"async\" src=\"https:\/\/zed-body.com\/wp-content\/uploads\/2023\/02\/zbody-girl-coffee.png\" alt=\"d\u00e9tente - venez boire un cafe et vous reposez. Body qui suis je - masseuse nancy\" style=\"width:694px;height:auto\"\/><\/figure>\n<\/div>\n\n\n<p><\/p>\n","protected":false},"excerpt":{"rendered":"<p>Je propose diverses prestations en soin bien-\u00eatre adapt\u00e9es aux femmes de tout \u00e2ge. Certains de mes soins sont aussi accessibles pour les enfants \u00e0 partir de 6 ans. J&rsquo;ai suivie ma formation aupr\u00e8s de l&rsquo;institut Tara bien-\u00eatre. Etant passionn\u00e9e par ce que je fais, je continue d&rsquo;\u00e9voluer \u00e0 travers des formations certifiantes. Choisir Zedbody, c&rsquo;est l&rsquo;assurance de pouvoir profiter d&rsquo;un large panel de prestations de qualit\u00e9. A la disposition d&rsquo;une client\u00e8le exclusivement f\u00e9minine, celles ci sont r\u00e9alis\u00e9es \u00e0 domicile. Ma voie est celle du respect de l&rsquo;autre, et de l&rsquo;int\u00e9grit\u00e9.<\/p>\n","protected":false},"author":1,"featured_media":1077,"parent":0,"menu_order":0,"comment_status":"closed","ping_status":"closed","template":"","meta":{"content-type":"","footnotes":""},"class_list":["post-469","page","type-page","status-publish","has-post-thumbnail","hentry"],"yoast_head":"<!-- This site is optimized with the Yoast SEO plugin v27.5 - https:\/\/yoast.com\/product\/yoast-seo-wordpress\/ -->\n<title>Qui suis je - Zed body<\/title>\n<meta name=\"description\" content=\"auto entrepreneuse domaine du bien-\u00eatre \u00e0 Nancy. A domicile pour femmes.\" \/>\n<meta name=\"robots\" content=\"index, follow, max-snippet:-1, max-image-preview:large, max-video-preview:-1\" \/>\n<link rel=\"canonical\" href=\"https:\/\/zed-body.com\/?page_id=469\" \/>\n<meta property=\"og:locale\" content=\"fr_FR\" \/>\n<meta property=\"og:type\" content=\"article\" \/>\n<meta property=\"og:title\" content=\"Qui suis je - Zed body\" \/>\n<meta property=\"og:description\" content=\"auto entrepreneuse domaine du bien-\u00eatre \u00e0 Nancy. A domicile pour femmes.\" \/>\n<meta property=\"og:url\" content=\"https:\/\/zed-body.com\/?page_id=469\" \/>\n<meta property=\"og:site_name\" content=\"Zed body\" \/>\n<meta property=\"article:modified_time\" content=\"2024-08-28T09:45:00+00:00\" \/>\n<meta property=\"og:image\" content=\"https:\/\/zed-body.com\/wp-content\/uploads\/2023\/02\/zbody-girl-coffee.png\" \/>\n\t<meta property=\"og:image:width\" content=\"300\" \/>\n\t<meta property=\"og:image:height\" content=\"169\" \/>\n\t<meta property=\"og:image:type\" content=\"image\/png\" \/>\n<meta name=\"twitter:card\" content=\"summary_large_image\" \/>\n<meta name=\"twitter:label1\" content=\"Dur\u00e9e de lecture estim\u00e9e\" \/>\n\t<meta name=\"twitter:data1\" content=\"1 minute\" \/>\n<script type=\"application\/ld+json\" class=\"yoast-schema-graph\">{\"@context\":\"https:\\\/\\\/schema.org\",\"@graph\":[{\"@type\":\"WebPage\",\"@id\":\"https:\\\/\\\/zed-body.com\\\/?page_id=469\",\"url\":\"https:\\\/\\\/zed-body.com\\\/?page_id=469\",\"name\":\"Qui suis je - Zed body\",\"isPartOf\":{\"@id\":\"https:\\\/\\\/zed-body.com\\\/#website\"},\"primaryImageOfPage\":{\"@id\":\"https:\\\/\\\/zed-body.com\\\/?page_id=469#primaryimage\"},\"image\":{\"@id\":\"https:\\\/\\\/zed-body.com\\\/?page_id=469#primaryimage\"},\"thumbnailUrl\":\"https:\\\/\\\/zed-body.com\\\/wp-content\\\/uploads\\\/2023\\\/02\\\/zbody-girl-coffee.png\",\"datePublished\":\"2022-03-22T10:56:52+00:00\",\"dateModified\":\"2024-08-28T09:45:00+00:00\",\"description\":\"auto entrepreneuse domaine du bien-\u00eatre \u00e0 Nancy. A domicile pour femmes.\",\"breadcrumb\":{\"@id\":\"https:\\\/\\\/zed-body.com\\\/?page_id=469#breadcrumb\"},\"inLanguage\":\"fr-FR\",\"potentialAction\":[{\"@type\":\"ReadAction\",\"target\":[\"https:\\\/\\\/zed-body.com\\\/?page_id=469\"]}]},{\"@type\":\"ImageObject\",\"inLanguage\":\"fr-FR\",\"@id\":\"https:\\\/\\\/zed-body.com\\\/?page_id=469#primaryimage\",\"url\":\"https:\\\/\\\/zed-body.com\\\/wp-content\\\/uploads\\\/2023\\\/02\\\/zbody-girl-coffee.png\",\"contentUrl\":\"https:\\\/\\\/zed-body.com\\\/wp-content\\\/uploads\\\/2023\\\/02\\\/zbody-girl-coffee.png\",\"width\":300,\"height\":169,\"caption\":\"d\u00e9tente - venez boire un cafe et vous reposez. Body qui suis je - masseuse nancy\"},{\"@type\":\"BreadcrumbList\",\"@id\":\"https:\\\/\\\/zed-body.com\\\/?page_id=469#breadcrumb\",\"itemListElement\":[{\"@type\":\"ListItem\",\"position\":1,\"name\":\"Accueil\",\"item\":\"https:\\\/\\\/zed-body.com\\\/\"},{\"@type\":\"ListItem\",\"position\":2,\"name\":\"Qui suis je\"}]},{\"@type\":\"WebSite\",\"@id\":\"https:\\\/\\\/zed-body.com\\\/#website\",\"url\":\"https:\\\/\\\/zed-body.com\\\/\",\"name\":\"Zed body\",\"description\":\"Votre praticienne en ayurveda et bien \u00eatre chez vous\",\"publisher\":{\"@id\":\"https:\\\/\\\/zed-body.com\\\/#organization\"},\"potentialAction\":[{\"@type\":\"SearchAction\",\"target\":{\"@type\":\"EntryPoint\",\"urlTemplate\":\"https:\\\/\\\/zed-body.com\\\/?s={search_term_string}\"},\"query-input\":{\"@type\":\"PropertyValueSpecification\",\"valueRequired\":true,\"valueName\":\"search_term_string\"}}],\"inLanguage\":\"fr-FR\"},{\"@type\":\"Organization\",\"@id\":\"https:\\\/\\\/zed-body.com\\\/#organization\",\"name\":\"zed-body\",\"url\":\"https:\\\/\\\/zed-body.com\\\/\",\"logo\":{\"@type\":\"ImageObject\",\"inLanguage\":\"fr-FR\",\"@id\":\"https:\\\/\\\/zed-body.com\\\/#\\\/schema\\\/logo\\\/image\\\/\",\"url\":\"https:\\\/\\\/zed-body.com\\\/wp-content\\\/uploads\\\/2022\\\/06\\\/cropped-Logo-3D-1-scaled-1.jpg\",\"contentUrl\":\"https:\\\/\\\/zed-body.com\\\/wp-content\\\/uploads\\\/2022\\\/06\\\/cropped-Logo-3D-1-scaled-1.jpg\",\"width\":512,\"height\":512,\"caption\":\"zed-body\"},\"image\":{\"@id\":\"https:\\\/\\\/zed-body.com\\\/#\\\/schema\\\/logo\\\/image\\\/\"}}]}<\/script>\n<!-- \/ Yoast SEO plugin. -->","yoast_head_json":{"title":"Qui suis je - Zed body","description":"auto entrepreneuse domaine du bien-\u00eatre \u00e0 Nancy. A domicile pour femmes.","robots":{"index":"index","follow":"follow","max-snippet":"max-snippet:-1","max-image-preview":"max-image-preview:large","max-video-preview":"max-video-preview:-1"},"canonical":"https:\/\/zed-body.com\/?page_id=469","og_locale":"fr_FR","og_type":"article","og_title":"Qui suis je - Zed body","og_description":"auto entrepreneuse domaine du bien-\u00eatre \u00e0 Nancy. A domicile pour femmes.","og_url":"https:\/\/zed-body.com\/?page_id=469","og_site_name":"Zed body","article_modified_time":"2024-08-28T09:45:00+00:00","og_image":[{"width":300,"height":169,"url":"https:\/\/zed-body.com\/wp-content\/uploads\/2023\/02\/zbody-girl-coffee.png","type":"image\/png"}],"twitter_card":"summary_large_image","twitter_misc":{"Dur\u00e9e de lecture estim\u00e9e":"1 minute"},"schema":{"@context":"https:\/\/schema.org","@graph":[{"@type":"WebPage","@id":"https:\/\/zed-body.com\/?page_id=469","url":"https:\/\/zed-body.com\/?page_id=469","name":"Qui suis je - Zed body","isPartOf":{"@id":"https:\/\/zed-body.com\/#website"},"primaryImageOfPage":{"@id":"https:\/\/zed-body.com\/?page_id=469#primaryimage"},"image":{"@id":"https:\/\/zed-body.com\/?page_id=469#primaryimage"},"thumbnailUrl":"https:\/\/zed-body.com\/wp-content\/uploads\/2023\/02\/zbody-girl-coffee.png","datePublished":"2022-03-22T10:56:52+00:00","dateModified":"2024-08-28T09:45:00+00:00","description":"auto entrepreneuse domaine du bien-\u00eatre \u00e0 Nancy. A domicile pour femmes.","breadcrumb":{"@id":"https:\/\/zed-body.com\/?page_id=469#breadcrumb"},"inLanguage":"fr-FR","potentialAction":[{"@type":"ReadAction","target":["https:\/\/zed-body.com\/?page_id=469"]}]},{"@type":"ImageObject","inLanguage":"fr-FR","@id":"https:\/\/zed-body.com\/?page_id=469#primaryimage","url":"https:\/\/zed-body.com\/wp-content\/uploads\/2023\/02\/zbody-girl-coffee.png","contentUrl":"https:\/\/zed-body.com\/wp-content\/uploads\/2023\/02\/zbody-girl-coffee.png","width":300,"height":169,"caption":"d\u00e9tente - venez boire un cafe et vous reposez. Body qui suis je - masseuse nancy"},{"@type":"BreadcrumbList","@id":"https:\/\/zed-body.com\/?page_id=469#breadcrumb","itemListElement":[{"@type":"ListItem","position":1,"name":"Accueil","item":"https:\/\/zed-body.com\/"},{"@type":"ListItem","position":2,"name":"Qui suis je"}]},{"@type":"WebSite","@id":"https:\/\/zed-body.com\/#website","url":"https:\/\/zed-body.com\/","name":"Zed body","description":"Votre praticienne en ayurveda et bien \u00eatre chez vous","publisher":{"@id":"https:\/\/zed-body.com\/#organization"},"potentialAction":[{"@type":"SearchAction","target":{"@type":"EntryPoint","urlTemplate":"https:\/\/zed-body.com\/?s={search_term_string}"},"query-input":{"@type":"PropertyValueSpecification","valueRequired":true,"valueName":"search_term_string"}}],"inLanguage":"fr-FR"},{"@type":"Organization","@id":"https:\/\/zed-body.com\/#organization","name":"zed-body","url":"https:\/\/zed-body.com\/","logo":{"@type":"ImageObject","inLanguage":"fr-FR","@id":"https:\/\/zed-body.com\/#\/schema\/logo\/image\/","url":"https:\/\/zed-body.com\/wp-content\/uploads\/2022\/06\/cropped-Logo-3D-1-scaled-1.jpg","contentUrl":"https:\/\/zed-body.com\/wp-content\/uploads\/2022\/06\/cropped-Logo-3D-1-scaled-1.jpg","width":512,"height":512,"caption":"zed-body"},"image":{"@id":"https:\/\/zed-body.com\/#\/schema\/logo\/image\/"}}]}},"_links":{"self":[{"href":"https:\/\/zed-body.com\/index.php?rest_route=\/wp\/v2\/pages\/469","targetHints":{"allow":["GET"]}}],"collection":[{"href":"https:\/\/zed-body.com\/index.php?rest_route=\/wp\/v2\/pages"}],"about":[{"href":"https:\/\/zed-body.com\/index.php?rest_route=\/wp\/v2\/types\/page"}],"author":[{"embeddable":true,"href":"https:\/\/zed-body.com\/index.php?rest_route=\/wp\/v2\/users\/1"}],"replies":[{"embeddable":true,"href":"https:\/\/zed-body.com\/index.php?rest_route=%2Fwp%2Fv2%2Fcomments&post=469"}],"version-history":[{"count":93,"href":"https:\/\/zed-body.com\/index.php?rest_route=\/wp\/v2\/pages\/469\/revisions"}],"predecessor-version":[{"id":1271,"href":"https:\/\/zed-body.com\/index.php?rest_route=\/wp\/v2\/pages\/469\/revisions\/1271"}],"wp:featuredmedia":[{"embeddable":true,"href":"https:\/\/zed-body.com\/index.php?rest_route=\/wp\/v2\/media\/1077"}],"wp:attachment":[{"href":"https:\/\/zed-body.com\/index.php?rest_route=%2Fwp%2Fv2%2Fmedia&parent=469"}],"curies":[{"name":"wp","href":"https:\/\/api.w.org\/{rel}","templated":true}]}}