{"id":33,"date":"2022-03-11T13:09:03","date_gmt":"2022-03-11T13:09:03","guid":{"rendered":"http:\/\/zed-body.com\/?page_id=33"},"modified":"2023-02-06T14:01:19","modified_gmt":"2023-02-06T14:01:19","slug":"a-propos","status":"publish","type":"page","link":"https:\/\/zed-body.com\/?page_id=33","title":{"rendered":"A propos"},"content":{"rendered":"\n<div style=\"height:70px\" aria-hidden=\"true\" class=\"wp-block-spacer\"><\/div>\n\n\n\n<div class=\"wp-block-media-text alignwide is-stacked-on-mobile\"><figure class=\"wp-block-media-text__media\"><img fetchpriority=\"high\" decoding=\"async\" width=\"640\" height=\"480\" src=\"https:\/\/zed-body.com\/wp-content\/uploads\/2022\/03\/klee-4337719__480.webp\" alt=\"\" class=\"wp-image-267 size-full\" srcset=\"https:\/\/zed-body.com\/wp-content\/uploads\/2022\/03\/klee-4337719__480.webp 640w, https:\/\/zed-body.com\/wp-content\/uploads\/2022\/03\/klee-4337719__480-300x225.webp 300w\" sizes=\"(max-width: 640px) 100vw, 640px\" \/><\/figure><div class=\"wp-block-media-text__content\">\n<p><\/p>\n\n\n\n<p><\/p>\n\n\n\n<p>Je vous propose diff\u00e9rents types de massages :<\/p>\n\n\n\n<ul class=\"wp-block-list\">\n<li>Hawaien<\/li>\n\n\n\n<li>Ayurvedique <\/li>\n\n\n\n<li>Deeptissus<\/li>\n<\/ul>\n\n\n\n<p>Et aussi :<\/p>\n\n\n\n<ul class=\"wp-block-list\">\n<li>Cupping-therapy (ventousoth\u00e9rapie) ayant de nombreuses vertus adopt\u00e9es par les grands sportifs comme Karim Benzema ainsi que d&rsquo;autres c\u00e9l\u00e9brit\u00e9s. Je la pratique depuis 2016 et les r\u00e9sultats ne cessent d&rsquo;\u00eatre d\u00e9montr\u00e9s avec le temps.<\/li>\n<\/ul>\n\n\n\n<ul class=\"wp-block-list\">\n<li>Bb glow soin du visage complet avec s\u00e9rum associ\u00e9.<\/li>\n<\/ul>\n\n\n\n<p>Tout ces services sont visibles en page d&rsquo;accueil sur le menu en haut \u00e0 gauche avec une petite vid\u00e9o explicative pour chacun. <\/p>\n\n\n\n<p>Vous pourrez y faire un petit tour si ce n&rsquo;est pas d\u00e9j\u00e0 fait \ud83d\ude09<\/p>\n<\/div><\/div>\n\n\n\n<div class=\"wp-block-columns is-layout-flex wp-container-core-columns-is-layout-28f84493 wp-block-columns-is-layout-flex\">\n<div class=\"wp-block-column is-layout-flow wp-block-column-is-layout-flow\"><\/div>\n<\/div>\n\n\n\n<p> <\/p>\n","protected":false},"excerpt":{"rendered":"","protected":false},"author":1,"featured_media":0,"parent":0,"menu_order":0,"comment_status":"closed","ping_status":"closed","template":"elementor_theme","meta":{"content-type":"","footnotes":""},"class_list":["post-33","page","type-page","status-publish","hentry"],"yoast_head":"<!-- This site is optimized with the Yoast SEO plugin v27.5 - https:\/\/yoast.com\/product\/yoast-seo-wordpress\/ -->\n<title>A propos - Zed body<\/title>\n<meta name=\"robots\" content=\"index, follow, max-snippet:-1, max-image-preview:large, max-video-preview:-1\" \/>\n<link rel=\"canonical\" href=\"https:\/\/zed-body.com\/?page_id=33\" \/>\n<meta property=\"og:locale\" content=\"fr_FR\" \/>\n<meta property=\"og:type\" content=\"article\" \/>\n<meta property=\"og:title\" content=\"A propos - Zed body\" \/>\n<meta property=\"og:url\" content=\"https:\/\/zed-body.com\/?page_id=33\" \/>\n<meta property=\"og:site_name\" content=\"Zed body\" \/>\n<meta property=\"article:modified_time\" content=\"2023-02-06T14:01:19+00:00\" \/>\n<meta property=\"og:image\" content=\"https:\/\/zed-body.com\/wp-content\/uploads\/2022\/03\/klee-4337719__480.webp\" \/>\n<meta name=\"twitter:card\" content=\"summary_large_image\" \/>\n<meta name=\"twitter:label1\" content=\"Dur\u00e9e de lecture estim\u00e9e\" \/>\n\t<meta name=\"twitter:data1\" content=\"1 minute\" \/>\n<script type=\"application\/ld+json\" class=\"yoast-schema-graph\">{\"@context\":\"https:\\\/\\\/schema.org\",\"@graph\":[{\"@type\":\"WebPage\",\"@id\":\"https:\\\/\\\/zed-body.com\\\/?page_id=33\",\"url\":\"https:\\\/\\\/zed-body.com\\\/?page_id=33\",\"name\":\"A propos - Zed body\",\"isPartOf\":{\"@id\":\"https:\\\/\\\/zed-body.com\\\/#website\"},\"primaryImageOfPage\":{\"@id\":\"https:\\\/\\\/zed-body.com\\\/?page_id=33#primaryimage\"},\"image\":{\"@id\":\"https:\\\/\\\/zed-body.com\\\/?page_id=33#primaryimage\"},\"thumbnailUrl\":\"https:\\\/\\\/zed-body.com\\\/wp-content\\\/uploads\\\/2022\\\/03\\\/klee-4337719__480.webp\",\"datePublished\":\"2022-03-11T13:09:03+00:00\",\"dateModified\":\"2023-02-06T14:01:19+00:00\",\"breadcrumb\":{\"@id\":\"https:\\\/\\\/zed-body.com\\\/?page_id=33#breadcrumb\"},\"inLanguage\":\"fr-FR\",\"potentialAction\":[{\"@type\":\"ReadAction\",\"target\":[\"https:\\\/\\\/zed-body.com\\\/?page_id=33\"]}]},{\"@type\":\"ImageObject\",\"inLanguage\":\"fr-FR\",\"@id\":\"https:\\\/\\\/zed-body.com\\\/?page_id=33#primaryimage\",\"url\":\"https:\\\/\\\/zed-body.com\\\/wp-content\\\/uploads\\\/2022\\\/03\\\/klee-4337719__480.webp\",\"contentUrl\":\"https:\\\/\\\/zed-body.com\\\/wp-content\\\/uploads\\\/2022\\\/03\\\/klee-4337719__480.webp\",\"width\":640,\"height\":480},{\"@type\":\"BreadcrumbList\",\"@id\":\"https:\\\/\\\/zed-body.com\\\/?page_id=33#breadcrumb\",\"itemListElement\":[{\"@type\":\"ListItem\",\"position\":1,\"name\":\"Accueil\",\"item\":\"https:\\\/\\\/zed-body.com\\\/\"},{\"@type\":\"ListItem\",\"position\":2,\"name\":\"A propos\"}]},{\"@type\":\"WebSite\",\"@id\":\"https:\\\/\\\/zed-body.com\\\/#website\",\"url\":\"https:\\\/\\\/zed-body.com\\\/\",\"name\":\"Zed body\",\"description\":\"Votre praticienne en ayurveda et bien \u00eatre chez vous\",\"publisher\":{\"@id\":\"https:\\\/\\\/zed-body.com\\\/#organization\"},\"potentialAction\":[{\"@type\":\"SearchAction\",\"target\":{\"@type\":\"EntryPoint\",\"urlTemplate\":\"https:\\\/\\\/zed-body.com\\\/?s={search_term_string}\"},\"query-input\":{\"@type\":\"PropertyValueSpecification\",\"valueRequired\":true,\"valueName\":\"search_term_string\"}}],\"inLanguage\":\"fr-FR\"},{\"@type\":\"Organization\",\"@id\":\"https:\\\/\\\/zed-body.com\\\/#organization\",\"name\":\"zed-body\",\"url\":\"https:\\\/\\\/zed-body.com\\\/\",\"logo\":{\"@type\":\"ImageObject\",\"inLanguage\":\"fr-FR\",\"@id\":\"https:\\\/\\\/zed-body.com\\\/#\\\/schema\\\/logo\\\/image\\\/\",\"url\":\"https:\\\/\\\/zed-body.com\\\/wp-content\\\/uploads\\\/2022\\\/06\\\/cropped-Logo-3D-1-scaled-1.jpg\",\"contentUrl\":\"https:\\\/\\\/zed-body.com\\\/wp-content\\\/uploads\\\/2022\\\/06\\\/cropped-Logo-3D-1-scaled-1.jpg\",\"width\":512,\"height\":512,\"caption\":\"zed-body\"},\"image\":{\"@id\":\"https:\\\/\\\/zed-body.com\\\/#\\\/schema\\\/logo\\\/image\\\/\"}}]}<\/script>\n<!-- \/ Yoast SEO plugin. -->","yoast_head_json":{"title":"A propos - Zed body","robots":{"index":"index","follow":"follow","max-snippet":"max-snippet:-1","max-image-preview":"max-image-preview:large","max-video-preview":"max-video-preview:-1"},"canonical":"https:\/\/zed-body.com\/?page_id=33","og_locale":"fr_FR","og_type":"article","og_title":"A propos - Zed body","og_url":"https:\/\/zed-body.com\/?page_id=33","og_site_name":"Zed body","article_modified_time":"2023-02-06T14:01:19+00:00","og_image":[{"url":"https:\/\/zed-body.com\/wp-content\/uploads\/2022\/03\/klee-4337719__480.webp","type":"","width":"","height":""}],"twitter_card":"summary_large_image","twitter_misc":{"Dur\u00e9e de lecture estim\u00e9e":"1 minute"},"schema":{"@context":"https:\/\/schema.org","@graph":[{"@type":"WebPage","@id":"https:\/\/zed-body.com\/?page_id=33","url":"https:\/\/zed-body.com\/?page_id=33","name":"A propos - Zed body","isPartOf":{"@id":"https:\/\/zed-body.com\/#website"},"primaryImageOfPage":{"@id":"https:\/\/zed-body.com\/?page_id=33#primaryimage"},"image":{"@id":"https:\/\/zed-body.com\/?page_id=33#primaryimage"},"thumbnailUrl":"https:\/\/zed-body.com\/wp-content\/uploads\/2022\/03\/klee-4337719__480.webp","datePublished":"2022-03-11T13:09:03+00:00","dateModified":"2023-02-06T14:01:19+00:00","breadcrumb":{"@id":"https:\/\/zed-body.com\/?page_id=33#breadcrumb"},"inLanguage":"fr-FR","potentialAction":[{"@type":"ReadAction","target":["https:\/\/zed-body.com\/?page_id=33"]}]},{"@type":"ImageObject","inLanguage":"fr-FR","@id":"https:\/\/zed-body.com\/?page_id=33#primaryimage","url":"https:\/\/zed-body.com\/wp-content\/uploads\/2022\/03\/klee-4337719__480.webp","contentUrl":"https:\/\/zed-body.com\/wp-content\/uploads\/2022\/03\/klee-4337719__480.webp","width":640,"height":480},{"@type":"BreadcrumbList","@id":"https:\/\/zed-body.com\/?page_id=33#breadcrumb","itemListElement":[{"@type":"ListItem","position":1,"name":"Accueil","item":"https:\/\/zed-body.com\/"},{"@type":"ListItem","position":2,"name":"A propos"}]},{"@type":"WebSite","@id":"https:\/\/zed-body.com\/#website","url":"https:\/\/zed-body.com\/","name":"Zed body","description":"Votre praticienne en ayurveda et bien \u00eatre chez vous","publisher":{"@id":"https:\/\/zed-body.com\/#organization"},"potentialAction":[{"@type":"SearchAction","target":{"@type":"EntryPoint","urlTemplate":"https:\/\/zed-body.com\/?s={search_term_string}"},"query-input":{"@type":"PropertyValueSpecification","valueRequired":true,"valueName":"search_term_string"}}],"inLanguage":"fr-FR"},{"@type":"Organization","@id":"https:\/\/zed-body.com\/#organization","name":"zed-body","url":"https:\/\/zed-body.com\/","logo":{"@type":"ImageObject","inLanguage":"fr-FR","@id":"https:\/\/zed-body.com\/#\/schema\/logo\/image\/","url":"https:\/\/zed-body.com\/wp-content\/uploads\/2022\/06\/cropped-Logo-3D-1-scaled-1.jpg","contentUrl":"https:\/\/zed-body.com\/wp-content\/uploads\/2022\/06\/cropped-Logo-3D-1-scaled-1.jpg","width":512,"height":512,"caption":"zed-body"},"image":{"@id":"https:\/\/zed-body.com\/#\/schema\/logo\/image\/"}}]}},"_links":{"self":[{"href":"https:\/\/zed-body.com\/index.php?rest_route=\/wp\/v2\/pages\/33","targetHints":{"allow":["GET"]}}],"collection":[{"href":"https:\/\/zed-body.com\/index.php?rest_route=\/wp\/v2\/pages"}],"about":[{"href":"https:\/\/zed-body.com\/index.php?rest_route=\/wp\/v2\/types\/page"}],"author":[{"embeddable":true,"href":"https:\/\/zed-body.com\/index.php?rest_route=\/wp\/v2\/users\/1"}],"replies":[{"embeddable":true,"href":"https:\/\/zed-body.com\/index.php?rest_route=%2Fwp%2Fv2%2Fcomments&post=33"}],"version-history":[{"count":46,"href":"https:\/\/zed-body.com\/index.php?rest_route=\/wp\/v2\/pages\/33\/revisions"}],"predecessor-version":[{"id":1132,"href":"https:\/\/zed-body.com\/index.php?rest_route=\/wp\/v2\/pages\/33\/revisions\/1132"}],"wp:attachment":[{"href":"https:\/\/zed-body.com\/index.php?rest_route=%2Fwp%2Fv2%2Fmedia&parent=33"}],"curies":[{"name":"wp","href":"https:\/\/api.w.org\/{rel}","templated":true}]}}