{"id":2,"date":"2022-03-11T12:15:23","date_gmt":"2022-03-11T12:15:23","guid":{"rendered":"http:\/\/zed-body.com\/?page_id=2"},"modified":"2024-08-29T13:30:42","modified_gmt":"2024-08-29T13:30:42","slug":"sample-page","status":"publish","type":"page","link":"https:\/\/zed-body.com\/","title":{"rendered":""},"content":{"rendered":"\t\t<div data-elementor-type=\"wp-page\" data-elementor-id=\"2\" class=\"elementor elementor-2\">\n\t\t\t\t\t\t<section class=\"elementor-section elementor-top-section elementor-element elementor-element-c7fddfb elementor-section-full_width elementor-section-height-default elementor-section-height-default wpr-particle-no wpr-jarallax-no wpr-parallax-no wpr-sticky-section-no wpr-equal-height-no\" data-id=\"c7fddfb\" data-element_type=\"section\" data-e-type=\"section\" data-settings=\"{&quot;background_background&quot;:&quot;video&quot;,&quot;background_video_link&quot;:&quot;https:\\\/\\\/youtu.be\\\/D3nsTBnLn00?t=8&quot;,&quot;background_video_start&quot;:400,&quot;background_video_end&quot;:2500,&quot;background_play_on_mobile&quot;:&quot;yes&quot;}\">\n\t\t\t\t\t\t\t\t<div class=\"elementor-background-video-container\">\n\t\t\t\t\t\t\t\t\t\t\t\t\t<div class=\"elementor-background-video-embed\" role=\"presentation\"><\/div>\n\t\t\t\t\t\t\t\t\t\t\t\t<\/div>\n\t\t\t\t\t\t\t\t<div class=\"elementor-container elementor-column-gap-default\">\n\t\t\t\t\t<div class=\"elementor-column elementor-col-100 elementor-top-column elementor-element elementor-element-26cb694\" data-id=\"26cb694\" data-element_type=\"column\" data-e-type=\"column\">\n\t\t\t<div class=\"elementor-widget-wrap elementor-element-populated\">\n\t\t\t\t\t\t<section class=\"elementor-section elementor-inner-section elementor-element elementor-element-8c00180 elementor-section-boxed elementor-section-height-default elementor-section-height-default wpr-particle-no wpr-jarallax-no wpr-parallax-no wpr-sticky-section-no wpr-equal-height-no\" data-id=\"8c00180\" data-element_type=\"section\" data-e-type=\"section\">\n\t\t\t\t\t\t<div class=\"elementor-container elementor-column-gap-default\">\n\t\t\t\t\t<div class=\"elementor-column elementor-col-100 elementor-inner-column elementor-element elementor-element-ba1b8bc\" data-id=\"ba1b8bc\" data-element_type=\"column\" data-e-type=\"column\">\n\t\t\t<div class=\"elementor-widget-wrap elementor-element-populated\">\n\t\t\t\t\t\t<div class=\"elementor-element elementor-element-1c8db54 elementor-widget elementor-widget-heading\" data-id=\"1c8db54\" data-element_type=\"widget\" data-e-type=\"widget\" data-widget_type=\"heading.default\">\n\t\t\t\t<div class=\"elementor-widget-container\">\n\t\t\t\t\t<h2 class=\"elementor-heading-title elementor-size-default\">Bien-\u00eatre avec Z-Body<\/h2>\t\t\t\t<\/div>\n\t\t\t\t<\/div>\n\t\t\t\t\t<\/div>\n\t\t<\/div>\n\t\t\t\t\t<\/div>\n\t\t<\/section>\n\t\t\t\t<div class=\"elementor-element elementor-element-3a19f30 elementor-align-center elementor-widget elementor-widget-button\" data-id=\"3a19f30\" data-element_type=\"widget\" data-e-type=\"widget\" data-widget_type=\"button.default\">\n\t\t\t\t<div class=\"elementor-widget-container\">\n\t\t\t\t\t\t\t\t\t<div class=\"elementor-button-wrapper\">\n\t\t\t\t\t<a class=\"elementor-button elementor-button-link elementor-size-sm\" href=\"#\">\n\t\t\t\t\t\t<span class=\"elementor-button-content-wrapper\">\n\t\t\t\t\t\t\t\t\t<span class=\"elementor-button-text\">En savoir plus<\/span>\n\t\t\t\t\t<\/span>\n\t\t\t\t\t<\/a>\n\t\t\t\t<\/div>\n\t\t\t\t\t\t\t\t<\/div>\n\t\t\t\t<\/div>\n\t\t\t\t\t<\/div>\n\t\t<\/div>\n\t\t\t\t\t<\/div>\n\t\t<\/section>\n\t\t\t\t<section class=\"elementor-section elementor-top-section elementor-element elementor-element-ddd0ee0 elementor-section-boxed elementor-section-height-default elementor-section-height-default wpr-particle-no wpr-jarallax-no wpr-parallax-no wpr-sticky-section-no wpr-equal-height-no\" data-id=\"ddd0ee0\" data-element_type=\"section\" data-e-type=\"section\">\n\t\t\t\t\t\t<div class=\"elementor-container elementor-column-gap-default\">\n\t\t\t\t\t<div class=\"elementor-column elementor-col-100 elementor-top-column elementor-element elementor-element-f87bf93\" data-id=\"f87bf93\" data-element_type=\"column\" data-e-type=\"column\">\n\t\t\t<div class=\"elementor-widget-wrap elementor-element-populated\">\n\t\t\t\t\t\t<div class=\"elementor-element elementor-element-a7825ae elementor-invisible elementor-widget elementor-widget-text-editor\" data-id=\"a7825ae\" data-element_type=\"widget\" data-e-type=\"widget\" data-settings=\"{&quot;_animation&quot;:&quot;fadeInRight&quot;}\" data-widget_type=\"text-editor.default\">\n\t\t\t\t<div class=\"elementor-widget-container\">\n\t\t\t\t\t\t\t\t\t<p>Je d\u00e9bute en 2023 dans le domaine des massages bien-\u00eatre et soin visage.<\/p>\n<p>En tant que freelance avec les entreprises, ou encore en partenariat avec les marques sponsoris\u00e9es.&nbsp;<\/p><p><span style=\"letter-spacing: 0px;\">Z.BODY est ax\u00e9 vers une client\u00e8le f\u00e9minine \u00e0 domicile.<\/span><\/p><p><span style=\"letter-spacing: 0px;\"><br><\/span><\/p>\n<p>ZED BODY \u00e0 Nancy et dans toute la France, c&rsquo;est l&rsquo;engagement d&rsquo;une \u0153uvre faite avec le c\u0153ur et l&rsquo;implication \u00e0 bien faire.<\/p>\n<p>Le tout avec votre confiance, dans les r\u00e8gles d&rsquo;hygi\u00e8ne respect\u00e9e.<\/p>\n<p>Je fait de vous ma Priorit\u00e9.<\/p>\n<p><img fetchpriority=\"high\" decoding=\"async\" class=\"size-medium wp-image-756\" src=\"https:\/\/zed-body.com\/wp-content\/uploads\/2022\/06\/Z-Body-Logo-Transparent-Noir-300x187.png\" alt=\"zed-body\" width=\"300\" height=\"187\" srcset=\"https:\/\/zed-body.com\/wp-content\/uploads\/2022\/06\/Z-Body-Logo-Transparent-Noir-300x187.png 300w, https:\/\/zed-body.com\/wp-content\/uploads\/2022\/06\/Z-Body-Logo-Transparent-Noir-1024x639.png 1024w, https:\/\/zed-body.com\/wp-content\/uploads\/2022\/06\/Z-Body-Logo-Transparent-Noir-768x479.png 768w, https:\/\/zed-body.com\/wp-content\/uploads\/2022\/06\/Z-Body-Logo-Transparent-Noir-1536x958.png 1536w, https:\/\/zed-body.com\/wp-content\/uploads\/2022\/06\/Z-Body-Logo-Transparent-Noir-2048x1277.png 2048w, https:\/\/zed-body.com\/wp-content\/uploads\/2022\/06\/Z-Body-Logo-Transparent-Noir-1140x711.png 1140w\" sizes=\"(max-width: 300px) 100vw, 300px\" \/>&nbsp;<\/p>\t\t\t\t\t\t\t\t<\/div>\n\t\t\t\t<\/div>\n\t\t\t\t\t<\/div>\n\t\t<\/div>\n\t\t\t\t\t<\/div>\n\t\t<\/section>\n\t\t\t\t<\/div>\n\t\t","protected":false},"excerpt":{"rendered":"<p>Bien-\u00eatre avec Z-Body En savoir plus Je d\u00e9bute en 2023 dans le domaine des massages bien-\u00eatre et soin visage. En tant que freelance avec les entreprises, ou encore en partenariat avec les marques sponsoris\u00e9es.&nbsp; Z.BODY est ax\u00e9 vers une client\u00e8le f\u00e9minine \u00e0 domicile. ZED BODY \u00e0 Nancy et dans toute la France, c&rsquo;est l&rsquo;engagement d&rsquo;une \u0153uvre faite avec le c\u0153ur et l&rsquo;implication \u00e0 bien faire. Le tout avec votre confiance, dans les r\u00e8gles d&rsquo;hygi\u00e8ne respect\u00e9e. Je fait de vous ma Priorit\u00e9. &nbsp;<\/p>\n","protected":false},"author":1,"featured_media":0,"parent":0,"menu_order":0,"comment_status":"closed","ping_status":"closed","template":"","meta":{"content-type":"","footnotes":""},"class_list":["post-2","page","type-page","status-publish","hentry"],"yoast_head":"<!-- This site is optimized with the Yoast SEO plugin v27.5 - https:\/\/yoast.com\/product\/yoast-seo-wordpress\/ -->\n<title>- Zed body<\/title>\n<meta name=\"robots\" content=\"index, follow, max-snippet:-1, max-image-preview:large, max-video-preview:-1\" \/>\n<link rel=\"canonical\" href=\"https:\/\/zed-body.com\/\" \/>\n<meta property=\"og:locale\" content=\"fr_FR\" \/>\n<meta property=\"og:type\" content=\"article\" \/>\n<meta property=\"og:title\" content=\"- Zed body\" \/>\n<meta property=\"og:description\" content=\"Bien-\u00eatre avec Z-Body En savoir plus Je d\u00e9bute en 2023 dans le domaine des massages bien-\u00eatre et soin visage. En tant que freelance avec les entreprises, ou encore en partenariat avec les marques sponsoris\u00e9es.&nbsp; Z.BODY est ax\u00e9 vers une client\u00e8le f\u00e9minine \u00e0 domicile. ZED BODY \u00e0 Nancy et dans toute la France, c&rsquo;est l&rsquo;engagement d&rsquo;une \u0153uvre faite avec le c\u0153ur et l&rsquo;implication \u00e0 bien faire. Le tout avec votre confiance, dans les r\u00e8gles d&rsquo;hygi\u00e8ne respect\u00e9e. Je fait de vous ma Priorit\u00e9. &nbsp;\" \/>\n<meta property=\"og:url\" content=\"https:\/\/zed-body.com\/\" \/>\n<meta property=\"og:site_name\" content=\"Zed body\" \/>\n<meta property=\"article:modified_time\" content=\"2024-08-29T13:30:42+00:00\" \/>\n<meta property=\"og:image\" content=\"https:\/\/zed-body.com\/wp-content\/uploads\/2022\/06\/Z-Body-Logo-Transparent-Noir-300x187.png\" \/>\n<meta name=\"twitter:card\" content=\"summary_large_image\" \/>\n<meta name=\"twitter:label1\" content=\"Dur\u00e9e de lecture estim\u00e9e\" \/>\n\t<meta name=\"twitter:data1\" content=\"1 minute\" \/>\n<script type=\"application\/ld+json\" class=\"yoast-schema-graph\">{\"@context\":\"https:\\\/\\\/schema.org\",\"@graph\":[{\"@type\":\"WebPage\",\"@id\":\"https:\\\/\\\/zed-body.com\\\/\",\"url\":\"https:\\\/\\\/zed-body.com\\\/\",\"name\":\"- Zed body\",\"isPartOf\":{\"@id\":\"https:\\\/\\\/zed-body.com\\\/#website\"},\"primaryImageOfPage\":{\"@id\":\"https:\\\/\\\/zed-body.com\\\/#primaryimage\"},\"image\":{\"@id\":\"https:\\\/\\\/zed-body.com\\\/#primaryimage\"},\"thumbnailUrl\":\"https:\\\/\\\/zed-body.com\\\/wp-content\\\/uploads\\\/2022\\\/06\\\/Z-Body-Logo-Transparent-Noir-300x187.png\",\"datePublished\":\"2022-03-11T12:15:23+00:00\",\"dateModified\":\"2024-08-29T13:30:42+00:00\",\"inLanguage\":\"fr-FR\",\"potentialAction\":[{\"@type\":\"ReadAction\",\"target\":[\"https:\\\/\\\/zed-body.com\\\/\"]}]},{\"@type\":\"ImageObject\",\"inLanguage\":\"fr-FR\",\"@id\":\"https:\\\/\\\/zed-body.com\\\/#primaryimage\",\"url\":\"https:\\\/\\\/zed-body.com\\\/wp-content\\\/uploads\\\/2022\\\/06\\\/Z-Body-Logo-Transparent-Noir.png\",\"contentUrl\":\"https:\\\/\\\/zed-body.com\\\/wp-content\\\/uploads\\\/2022\\\/06\\\/Z-Body-Logo-Transparent-Noir.png\",\"width\":4808,\"height\":2998,\"caption\":\"masseuse zed body \u00e0 domicile nancy\"},{\"@type\":\"WebSite\",\"@id\":\"https:\\\/\\\/zed-body.com\\\/#website\",\"url\":\"https:\\\/\\\/zed-body.com\\\/\",\"name\":\"Zed body\",\"description\":\"Votre praticienne en ayurveda et bien \u00eatre chez vous\",\"publisher\":{\"@id\":\"https:\\\/\\\/zed-body.com\\\/#organization\"},\"potentialAction\":[{\"@type\":\"SearchAction\",\"target\":{\"@type\":\"EntryPoint\",\"urlTemplate\":\"https:\\\/\\\/zed-body.com\\\/?s={search_term_string}\"},\"query-input\":{\"@type\":\"PropertyValueSpecification\",\"valueRequired\":true,\"valueName\":\"search_term_string\"}}],\"inLanguage\":\"fr-FR\"},{\"@type\":\"Organization\",\"@id\":\"https:\\\/\\\/zed-body.com\\\/#organization\",\"name\":\"zed-body\",\"url\":\"https:\\\/\\\/zed-body.com\\\/\",\"logo\":{\"@type\":\"ImageObject\",\"inLanguage\":\"fr-FR\",\"@id\":\"https:\\\/\\\/zed-body.com\\\/#\\\/schema\\\/logo\\\/image\\\/\",\"url\":\"https:\\\/\\\/zed-body.com\\\/wp-content\\\/uploads\\\/2022\\\/06\\\/cropped-Logo-3D-1-scaled-1.jpg\",\"contentUrl\":\"https:\\\/\\\/zed-body.com\\\/wp-content\\\/uploads\\\/2022\\\/06\\\/cropped-Logo-3D-1-scaled-1.jpg\",\"width\":512,\"height\":512,\"caption\":\"zed-body\"},\"image\":{\"@id\":\"https:\\\/\\\/zed-body.com\\\/#\\\/schema\\\/logo\\\/image\\\/\"}}]}<\/script>\n<!-- \/ Yoast SEO plugin. -->","yoast_head_json":{"title":"- Zed body","robots":{"index":"index","follow":"follow","max-snippet":"max-snippet:-1","max-image-preview":"max-image-preview:large","max-video-preview":"max-video-preview:-1"},"canonical":"https:\/\/zed-body.com\/","og_locale":"fr_FR","og_type":"article","og_title":"- Zed body","og_description":"Bien-\u00eatre avec Z-Body En savoir plus Je d\u00e9bute en 2023 dans le domaine des massages bien-\u00eatre et soin visage. En tant que freelance avec les entreprises, ou encore en partenariat avec les marques sponsoris\u00e9es.&nbsp; Z.BODY est ax\u00e9 vers une client\u00e8le f\u00e9minine \u00e0 domicile. ZED BODY \u00e0 Nancy et dans toute la France, c&rsquo;est l&rsquo;engagement d&rsquo;une \u0153uvre faite avec le c\u0153ur et l&rsquo;implication \u00e0 bien faire. Le tout avec votre confiance, dans les r\u00e8gles d&rsquo;hygi\u00e8ne respect\u00e9e. Je fait de vous ma Priorit\u00e9. &nbsp;","og_url":"https:\/\/zed-body.com\/","og_site_name":"Zed body","article_modified_time":"2024-08-29T13:30:42+00:00","og_image":[{"url":"https:\/\/zed-body.com\/wp-content\/uploads\/2022\/06\/Z-Body-Logo-Transparent-Noir-300x187.png","type":"","width":"","height":""}],"twitter_card":"summary_large_image","twitter_misc":{"Dur\u00e9e de lecture estim\u00e9e":"1 minute"},"schema":{"@context":"https:\/\/schema.org","@graph":[{"@type":"WebPage","@id":"https:\/\/zed-body.com\/","url":"https:\/\/zed-body.com\/","name":"- Zed body","isPartOf":{"@id":"https:\/\/zed-body.com\/#website"},"primaryImageOfPage":{"@id":"https:\/\/zed-body.com\/#primaryimage"},"image":{"@id":"https:\/\/zed-body.com\/#primaryimage"},"thumbnailUrl":"https:\/\/zed-body.com\/wp-content\/uploads\/2022\/06\/Z-Body-Logo-Transparent-Noir-300x187.png","datePublished":"2022-03-11T12:15:23+00:00","dateModified":"2024-08-29T13:30:42+00:00","inLanguage":"fr-FR","potentialAction":[{"@type":"ReadAction","target":["https:\/\/zed-body.com\/"]}]},{"@type":"ImageObject","inLanguage":"fr-FR","@id":"https:\/\/zed-body.com\/#primaryimage","url":"https:\/\/zed-body.com\/wp-content\/uploads\/2022\/06\/Z-Body-Logo-Transparent-Noir.png","contentUrl":"https:\/\/zed-body.com\/wp-content\/uploads\/2022\/06\/Z-Body-Logo-Transparent-Noir.png","width":4808,"height":2998,"caption":"masseuse zed body \u00e0 domicile nancy"},{"@type":"WebSite","@id":"https:\/\/zed-body.com\/#website","url":"https:\/\/zed-body.com\/","name":"Zed body","description":"Votre praticienne en ayurveda et bien \u00eatre chez vous","publisher":{"@id":"https:\/\/zed-body.com\/#organization"},"potentialAction":[{"@type":"SearchAction","target":{"@type":"EntryPoint","urlTemplate":"https:\/\/zed-body.com\/?s={search_term_string}"},"query-input":{"@type":"PropertyValueSpecification","valueRequired":true,"valueName":"search_term_string"}}],"inLanguage":"fr-FR"},{"@type":"Organization","@id":"https:\/\/zed-body.com\/#organization","name":"zed-body","url":"https:\/\/zed-body.com\/","logo":{"@type":"ImageObject","inLanguage":"fr-FR","@id":"https:\/\/zed-body.com\/#\/schema\/logo\/image\/","url":"https:\/\/zed-body.com\/wp-content\/uploads\/2022\/06\/cropped-Logo-3D-1-scaled-1.jpg","contentUrl":"https:\/\/zed-body.com\/wp-content\/uploads\/2022\/06\/cropped-Logo-3D-1-scaled-1.jpg","width":512,"height":512,"caption":"zed-body"},"image":{"@id":"https:\/\/zed-body.com\/#\/schema\/logo\/image\/"}}]}},"_links":{"self":[{"href":"https:\/\/zed-body.com\/index.php?rest_route=\/wp\/v2\/pages\/2","targetHints":{"allow":["GET"]}}],"collection":[{"href":"https:\/\/zed-body.com\/index.php?rest_route=\/wp\/v2\/pages"}],"about":[{"href":"https:\/\/zed-body.com\/index.php?rest_route=\/wp\/v2\/types\/page"}],"author":[{"embeddable":true,"href":"https:\/\/zed-body.com\/index.php?rest_route=\/wp\/v2\/users\/1"}],"replies":[{"embeddable":true,"href":"https:\/\/zed-body.com\/index.php?rest_route=%2Fwp%2Fv2%2Fcomments&post=2"}],"version-history":[{"count":241,"href":"https:\/\/zed-body.com\/index.php?rest_route=\/wp\/v2\/pages\/2\/revisions"}],"predecessor-version":[{"id":1279,"href":"https:\/\/zed-body.com\/index.php?rest_route=\/wp\/v2\/pages\/2\/revisions\/1279"}],"wp:attachment":[{"href":"https:\/\/zed-body.com\/index.php?rest_route=%2Fwp%2Fv2%2Fmedia&parent=2"}],"curies":[{"name":"wp","href":"https:\/\/api.w.org\/{rel}","templated":true}]}}